{"id":119,"date":"2025-03-19T10:38:36","date_gmt":"2025-03-19T08:38:36","guid":{"rendered":"https:\/\/www.zandira.com\/blog"},"modified":"2025-03-19T12:38:47","modified_gmt":"2025-03-19T10:38:47","slug":"garanties-des-bijoux-zandira","status":"publish","type":"page","link":"https:\/\/www.zandira.com\/blog\/garanties-des-bijoux-zandira","title":{"rendered":"Garanties des bijoux Zandira"},"content":{"rendered":"<p><strong><em><span style=\"text-decoration: underline;\">L&#8217;argent 925<\/span><\/em><\/strong><\/p>\n<p>L&#8217;argent est un m\u00e9tal pr\u00e9cieux issu essentiellement de la production mini\u00e8re. Il est tr\u00e8s mall\u00e9able et ne s&#8217;oxyde pas \u00e0 l&#8217;air ce qui fait tout son int\u00e9r\u00eat pour la cr\u00e9ation de <a href=\"https:\/\/www.zandira.com\/\">bijoux<\/a>. Comme l&#8217;or, et quelques autres m\u00e9taux pr\u00e9cieux, il est cot\u00e9 au niveau international : son cours varie donc \u00e0 la baisse ou \u00e0 la hausse, en fonction de l&#8217;offre et de la demande mondiale. Par exemple, le cours a tendance \u00e0 grimper en p\u00e9riode de crise \u00e9conomique car les m\u00e9taux pr\u00e9cieux deviennent des valeurs refuge et leur demande augmente.<\/p>\n<p>Pour cr\u00e9er des bijoux, l&#8217;argent n&#8217;est jamais pur car il serait trop mou. On lui adjoint donc du cuivre g\u00e9n\u00e9ralement pour le rendre plus dur. La norme internationale pour les bijoux en argent est une teneur de 92,5% d&#8217;argent pur minimum : elle se reconnait au poin\u00e7on d&#8217;Etat\u00a0&#8220;925&#8221; appos\u00e9 sur les bijoux, signifiant bien qu&#8217;il s&#8217;agit d&#8217;argent 925 ou Sterling Silver 925 en anglais.<\/p>\n<p>Les appellations &#8220;m\u00e9tal argent\u00e9&#8221; ou &#8220;plaqu\u00e9 argent&#8221; sont des alliages comportant tr\u00e8s peu d&#8217;argent. Ne vous faites pas abuser ! Au dessus de 30 g, les bijoux en argent doivent porter le poin\u00e7on d&#8217;Etat en forme de t\u00eate de Minerve : les bijoux de Zandira sont trop l\u00e9gers pour cela.<\/p>\n<p><strong>Toutes les bagues Zandira sont garanties en argent 925 1er titre et portent le poin\u00e7on &#8220;925&#8221;.<\/strong><\/p>\n<p><strong><em><span style=\"text-decoration: underline;\">Les pierres semi-pr\u00e9cieuses<\/span><\/em><\/strong><\/p>\n<p>Les &#8220;pierres pr\u00e9cieuses&#8221; sont au nombre de 4 : diamant, \u00e9meraude, rubis et saphir, et elles ne font pas partie de notre gamme que nous avons d\u00e9finie <strong>uniquement autour des &#8220;pierres semi-pr\u00e9cieuses&#8221;<\/strong> :<\/p>\n<ul>\n<li>l&#8217;<strong>aigue-marine<\/strong>, transparente (bleu vert p\u00e2le)<\/li>\n<li>l&#8217;<strong>am\u00e9thyste<\/strong>, transparente (violet) (Quartz)<\/li>\n<li>la <strong>citrine<\/strong>, transparente (jaune), (Quartz)<\/li>\n<li>le <strong>cristal de roche<\/strong>, transparent (clair) (Quartz)<\/li>\n<li>le <strong>quartz rose<\/strong>, transparent (rose clair)<\/li>\n<li>le\u00a0<strong>quartz<\/strong><strong> fum\u00e9<\/strong>, transparent (brun clair \u00e0 noir)<\/li>\n<li>le <strong>grenat<\/strong>, nom de nombreux n\u00e9sosilicates ; transparent (rouge, marron, vert ou violet),<\/li>\n<li>le <strong>p\u00e9ridot<\/strong>, transparent (Vert \u00e0 vert jaune)<\/li>\n<li>la <strong>topaze<\/strong>, transparente (jaune, bleu, rose, violet&#8230;),<\/li>\n<li>le <strong>lapis-lazuli<\/strong>, opaque (bleu clair et fonc\u00e9, taches jaunes(inclusion de pyrite)),<\/li>\n<li>l&#8217;<strong>onyx<\/strong>, transparent (tr\u00e8s nombreuses couleurs),<\/li>\n<li>la <strong>turquoise<\/strong>, opaque (bleu vert p\u00e2le),<\/li>\n<li>la <strong>cordi\u00e9rite<\/strong> ou <strong>iolite<\/strong>, transparent (bleu \u00e0 violet)<\/li>\n<li>la <strong>labradorite<\/strong>, gris bleu<\/li>\n<li>l&#8217;<strong>oeil du tigre<\/strong>, jaune brun au rouge brun (Quartz)<\/li>\n<li>le\u00a0<strong>quartz<\/strong><strong> rutil\u00e9<\/strong>, transparent avec fibres de rutiles dor\u00e9 ou noir en forme d&#8217;aiguilles<\/li>\n<li>&#8230;<\/li>\n<\/ul>\n<p>Zandira s&#8217;approvisionne aupr\u00e8s d&#8217;un fabricant indien exportateur qui appose sur chaque bague <strong>un second poin\u00e7on qui est la signature de l&#8217;artisan bijoutier<\/strong> (ici les initiales de l&#8217;artisan : &#8220;RS&#8221; pour Rajneesh Sharma). Ce second poin\u00e7on est obligatoire sur tous les ouvrages en m\u00e9taux pr\u00e9cieux.<\/p>\n","protected":false},"excerpt":{"rendered":"<p>L&#8217;argent 925 L&#8217;argent est un m\u00e9tal pr\u00e9cieux issu essentiellement de la production mini\u00e8re. Il est tr\u00e8s mall\u00e9able et ne s&#8217;oxyde pas \u00e0 l&#8217;air ce qui fait tout son int\u00e9r\u00eat pour la cr\u00e9ation de bijoux. Comme l&#8217;or, et quelques autres m\u00e9taux pr\u00e9cieux, il est cot\u00e9 au niveau international : son cours varie donc \u00e0 la baisse [&hellip;]<\/p>\n","protected":false},"author":1,"featured_media":0,"parent":0,"menu_order":0,"comment_status":"closed","ping_status":"closed","template":"","meta":{"_seopress_robots_primary_cat":"","_seopress_titles_title":"","_seopress_titles_desc":"","_seopress_robots_index":"","footnotes":""},"class_list":["post-119","page","type-page","status-publish"],"_links":{"self":[{"href":"https:\/\/www.zandira.com\/blog\/wp-json\/wp\/v2\/pages\/119","targetHints":{"allow":["GET"]}}],"collection":[{"href":"https:\/\/www.zandira.com\/blog\/wp-json\/wp\/v2\/pages"}],"about":[{"href":"https:\/\/www.zandira.com\/blog\/wp-json\/wp\/v2\/types\/page"}],"author":[{"embeddable":true,"href":"https:\/\/www.zandira.com\/blog\/wp-json\/wp\/v2\/users\/1"}],"replies":[{"embeddable":true,"href":"https:\/\/www.zandira.com\/blog\/wp-json\/wp\/v2\/comments?post=119"}],"version-history":[{"count":14,"href":"https:\/\/www.zandira.com\/blog\/wp-json\/wp\/v2\/pages\/119\/revisions"}],"predecessor-version":[{"id":1270,"href":"https:\/\/www.zandira.com\/blog\/wp-json\/wp\/v2\/pages\/119\/revisions\/1270"}],"wp:attachment":[{"href":"https:\/\/www.zandira.com\/blog\/wp-json\/wp\/v2\/media?parent=119"}],"curies":[{"name":"wp","href":"https:\/\/api.w.org\/{rel}","templated":true}]}}