{"id":159,"date":"2025-03-19T10:29:43","date_gmt":"2025-03-19T08:29:43","guid":{"rendered":"https:\/\/www.zandira.com\/blog"},"modified":"2025-03-19T12:38:23","modified_gmt":"2025-03-19T10:38:23","slug":"connaitre-et-mesurer-sa-taille-de-doigt-et-bague-le-baguier-ruban","status":"publish","type":"page","link":"https:\/\/www.zandira.com\/blog\/connaitre-et-mesurer-sa-taille-de-doigt-et-bague-le-baguier-ruban","title":{"rendered":"Baguier en ligne : Connaitre et mesurer sa taille de doigt"},"content":{"rendered":"<p>Pour <a href=\"https:\/\/www.zandira.com\/\" target=\"_self\" rel=\"noopener noreferrer\">choisir une bague<\/a> \u00e0 votre taille sans pouvoir l&#8217;essayer, nous allons vous indiquer comment mesurer la taille de votre doigt, mais avant tout, sachez que vos doigts gonflent avec la chaleur estivale : il vous faudra donc des<strong> bagues d&#8217;\u00e9t\u00e9 et des bagues d&#8217;hiver<\/strong> sauf si vous craquez pour une bague en vous disant que vous trouverez bien l&#8217;un de vos doigts qui aura le diam\u00e8tre adapt\u00e9 pour la porter !<\/p>\n<p><strong>Si vous h\u00e9sitez entre 2 tailles, choisissez toujours la taille de bague au dessus plut\u00f4t que celle du dessous.<\/strong><\/p>\n<p><strong><span style=\"text-decoration: underline;\">1 &#8211; Le ruban<\/span><\/strong><\/p>\n<p>Nous vous proposons d&#8217;imprimer notre ruban de bague : v\u00e9rifiez bien qu&#8217;il mesure 15 cm, une fois imprim\u00e9, de fa\u00e7on \u00e0 ce qu&#8217;il respecte l&#8217;\u00e9chelle.<\/p>\n<p style=\"text-align: center;\"><a href=\"https:\/\/www.zandira.com\/blog\/connaitre-et-mesurer-sa-taille-de-doigt-et-bague-le-baguier-ruban\/baguier-ruban\" rel=\"attachment wp-att-161\"><img loading=\"lazy\" decoding=\"async\" class=\"aligncenter size-full wp-image-161\" style=\"border: #eeeae0 1px solid;\" title=\"Baguier ruban\" src=\"https:\/\/www.zandira.com\/blog\/wp-content\/uploads\/2010\/07\/baguier-ruban.jpg\" alt=\"\" width=\"600\" height=\"144\" srcset=\"https:\/\/www.zandira.com\/blog\/wp-content\/uploads\/2010\/07\/baguier-ruban.jpg 600w, https:\/\/www.zandira.com\/blog\/wp-content\/uploads\/2010\/07\/baguier-ruban-250x60.jpg 250w\" sizes=\"auto, (max-width: 600px) 100vw, 600px\" \/><\/a><\/p>\n<p style=\"text-align: center;\"><strong><a href=\"https:\/\/www.zandira.com\/design\/mesurer-taille-doigt.pdf\" target=\"_self\" rel=\"noopener noreferrer\">T\u00e9l\u00e9charger le baguier ruban en pdf<\/a>\u00a0<\/strong><\/p>\n<p style=\"text-align: center;\"><strong><span style=\"color: #ff0000;\">!! A imprimer au format 100% &#8211; sinon les tailles seront fausses !!<\/span><\/strong><\/p>\n<p style=\"text-align: left;\">D\u00e9coupez le ruban le long de la pointill\u00e9s. Cr\u00e9ez la petite fente o\u00f9 il est not\u00e9 &#8220;coupez ici&#8221;. Ins\u00e9rez l&#8217;extr\u00e9mit\u00e9 pointue du ruban dans la fente, ce qui vient former un cercle r\u00e9glable. Placez le cercle de ruban autour de votre doigt et ajustez sans trop serrer car la bague doit passer aussi l&#8217;articulation plus forte de votre doigt. La taille de bague \u00e0 choisir s&#8217;affiche au niveau de la fente du ruban.<\/p>\n<p><strong><span style=\"text-decoration: underline;\">2 &#8211; Le baguier<\/span><\/strong><\/p>\n<p>Le baguier que nous vous proposons est un gabarit qui montre les grandeurs de bague. Pour connaitre votre taille, posez l&#8217;une de vos bagues sur les cercles. Lorsque le trait du cercle touche l&#8217;int\u00e9rieur de votre bague, vous avez trouv\u00e9 votre taille de bague : le num\u00e9ro inscrit dans le cercle d\u00e9finit la circonf\u00e9rence de la bague.<\/p>\n<p style=\"text-align: center;\"><a href=\"https:\/\/www.zandira.com\/blog\/connaitre-et-mesurer-sa-taille-de-doigt-et-bague-le-baguier-ruban\/baguier\" rel=\"attachment wp-att-162\"><img loading=\"lazy\" decoding=\"async\" class=\"aligncenter size-full wp-image-162\" style=\"border: #eeeae0 1px solid;\" title=\"Baguier\" src=\"https:\/\/www.zandira.com\/blog\/wp-content\/uploads\/2010\/07\/baguier.jpg\" alt=\"\" width=\"600\" height=\"533\" srcset=\"https:\/\/www.zandira.com\/blog\/wp-content\/uploads\/2010\/07\/baguier.jpg 600w, https:\/\/www.zandira.com\/blog\/wp-content\/uploads\/2010\/07\/baguier-250x222.jpg 250w\" sizes=\"auto, (max-width: 600px) 100vw, 600px\" \/><\/a><\/p>\n<p style=\"text-align: center;\"><strong><strong><a href=\"https:\/\/www.zandira.com\/design\/mesurer-taille-doigt.pdf\">T\u00e9l\u00e9charger le baguier en pdf<\/a> <\/strong><\/strong><\/p>\n<p style=\"text-align: center;\"><span style=\"color: #ff0000;\"><strong><strong><strong>!! A imprimer au format 100% &#8211; sinon les tailles seront fausses !!<\/strong><\/strong><\/strong><\/span><\/p>\n<p><strong><span style=\"text-decoration: underline;\">3 &#8211; Le diam\u00e8tre<\/span><\/strong><\/p>\n<p>Pour calculer la taille de votre bague, vous pouvez aussi mesurer le diam\u00e8tre int\u00e9rieur d&#8217;une de vos bagues et vous reporter aux correspondances suivantes :<\/p>\n<p style=\"text-align: center;\"><a href=\"https:\/\/www.zandira.com\/blog\/connaitre-et-mesurer-sa-taille-de-doigt-et-bague-le-baguier-ruban\/diametre-bague\" rel=\"attachment wp-att-163\"><img loading=\"lazy\" decoding=\"async\" class=\"aligncenter size-full wp-image-163\" style=\"border: #eeeae0 1px solid;\" title=\"Diam\u00e8tre des bagues\" src=\"https:\/\/www.zandira.com\/blog\/wp-content\/uploads\/2010\/07\/diametre-bague.jpg\" alt=\"\" width=\"600\" height=\"51\" srcset=\"https:\/\/www.zandira.com\/blog\/wp-content\/uploads\/2010\/07\/diametre-bague.jpg 600w, https:\/\/www.zandira.com\/blog\/wp-content\/uploads\/2010\/07\/diametre-bague-250x21.jpg 250w\" sizes=\"auto, (max-width: 600px) 100vw, 600px\" \/><\/a><\/p>\n<p style=\"text-align: center;\"><strong><a href=\"https:\/\/www.zandira.com\/design\/mesurer-taille-doigt.pdf\" target=\"_self\" rel=\"noopener noreferrer\">T\u00e9l\u00e9charger le\u00a0tableau en pdf<\/a><br \/>\n<\/strong><\/p>\n<p style=\"text-align: center;\"><span style=\"color: #ff0000;\"><strong>!! A imprimer au format 100% &#8211; sinon les tailles seront fausses !!<\/strong><\/span><\/p>\n","protected":false},"excerpt":{"rendered":"<p>Pour choisir une bague \u00e0 votre taille sans pouvoir l&#8217;essayer, nous allons vous indiquer comment mesurer la taille de votre doigt, mais avant tout, sachez que vos doigts gonflent avec la chaleur estivale : il vous faudra donc des bagues d&#8217;\u00e9t\u00e9 et des bagues d&#8217;hiver sauf si vous craquez pour une bague en vous disant [&hellip;]<\/p>\n","protected":false},"author":1,"featured_media":0,"parent":0,"menu_order":0,"comment_status":"closed","ping_status":"closed","template":"","meta":{"_seopress_robots_primary_cat":"","_seopress_titles_title":"Baguier en ligne : Connaitre et mesurer sa taille de doigt","_seopress_titles_desc":"Pour choisir une bague \u00e0 votre taille sans pouvoir l&#039;essayer, nous allons vous indiquer comment mesurer la taille de votre doigt, mais avant tout, sachez que vos doigts gonflent avec la chaleur estivale : il vous faudra donc des bagues d&#039;\u00e9t\u00e9 et des bagues d&#039;hiver sauf si vous craquez pour une bague en vous disant que vous trouverez bien l&#039;un de vos doigts qui aura le diam\u00e8tre adapt\u00e9 pour la porter !","_seopress_robots_index":"","footnotes":""},"class_list":["post-159","page","type-page","status-publish"],"_links":{"self":[{"href":"https:\/\/www.zandira.com\/blog\/wp-json\/wp\/v2\/pages\/159","targetHints":{"allow":["GET"]}}],"collection":[{"href":"https:\/\/www.zandira.com\/blog\/wp-json\/wp\/v2\/pages"}],"about":[{"href":"https:\/\/www.zandira.com\/blog\/wp-json\/wp\/v2\/types\/page"}],"author":[{"embeddable":true,"href":"https:\/\/www.zandira.com\/blog\/wp-json\/wp\/v2\/users\/1"}],"replies":[{"embeddable":true,"href":"https:\/\/www.zandira.com\/blog\/wp-json\/wp\/v2\/comments?post=159"}],"version-history":[{"count":43,"href":"https:\/\/www.zandira.com\/blog\/wp-json\/wp\/v2\/pages\/159\/revisions"}],"predecessor-version":[{"id":1249,"href":"https:\/\/www.zandira.com\/blog\/wp-json\/wp\/v2\/pages\/159\/revisions\/1249"}],"wp:attachment":[{"href":"https:\/\/www.zandira.com\/blog\/wp-json\/wp\/v2\/media?parent=159"}],"curies":[{"name":"wp","href":"https:\/\/api.w.org\/{rel}","templated":true}]}}